{"id":242,"date":"2022-02-03T10:12:22","date_gmt":"2022-02-03T10:12:22","guid":{"rendered":"https:\/\/meine-bauerlebnisse.de\/?page_id=242"},"modified":"2025-09-18T10:23:07","modified_gmt":"2025-09-18T10:23:07","slug":"impressum","status":"publish","type":"page","link":"https:\/\/www.sc-loetters.de\/en\/impressum\/","title":{"rendered":"Impressum"},"content":{"rendered":"<div data-elementor-type=\"wp-page\" data-elementor-id=\"242\" class=\"elementor elementor-242\" data-elementor-post-type=\"page\">\n\t\t\t\t\t\t<section class=\"elementor-section elementor-top-section elementor-element elementor-element-845723c elementor-section-boxed elementor-section-height-default elementor-section-height-default\" data-id=\"845723c\" data-element_type=\"section\" data-e-type=\"section\">\n\t\t\t\t\t\t<div class=\"elementor-container elementor-column-gap-default\">\n\t\t\t\t\t<div class=\"elementor-column elementor-col-100 elementor-top-column elementor-element elementor-element-918cc39\" data-id=\"918cc39\" data-element_type=\"column\" data-e-type=\"column\">\n\t\t\t<div class=\"elementor-widget-wrap elementor-element-populated\">\n\t\t\t\t\t\t<div class=\"elementor-element elementor-element-050cae4 elementor-widget elementor-widget-text-editor\" data-id=\"050cae4\" data-element_type=\"widget\" data-e-type=\"widget\" data-widget_type=\"text-editor.default\">\n\t\t\t\t<div class=\"elementor-widget-container\">\n\t\t\t\t\t\t\t\t\t<div class=\"main_color container_wrap_first container_wrap fullsize\"><p>\u00a0<\/p><div class=\"container av-section-cont-open\"><div class=\"post-entry post-entry-type-page post-entry-53\"><div class=\"entry-content-wrapper clearfix\"><div class=\"flex_column av-ah6cx-6ef4f33218ab77b4ea2f1dcc08759e15 av_one_third avia-builder-el-0 el_before_av_one_third avia-builder-el-first first flex_column_div\"><section class=\"av_textblock_section av-3mlh-da1461468a1e60c9384c6ff719dbf10f\"><div class=\"avia_textblock\"><p><strong>SC L\u00f6tters<\/strong><\/p><p><strong>PR Agentur \u2013 Kommunikations Agentur<\/strong><\/p><p>Dr. Christine Lo\u0308tters<br \/>Zur Marterkapelle 30 \u2022 53127 Bonn<br \/>Fon 0228 209478-20<br \/>Fax 0228 209478-23<br \/>Mobil 0171 4811803<br \/>loetters@sc-loetters.de<\/p><p><strong>Storytelling . Communication . Public Relations<\/strong><\/p><\/div><\/section><div class=\"hr av-9dv8h-1af8d6c14b21f812ac1a764afb5acfa2 hr-short avia-builder-el-2 el_after_av_textblock avia-builder-el-last hr-left\">\u00a0<\/div><\/div><div class=\"flex_column av-8mjqx-c6bdb5a82fad19512b226dac8a4de0ee av_one_third avia-builder-el-3 el_after_av_one_third el_before_av_one_third flex_column_div av-zero-column-padding\"><div class=\"avia-image-container av-7zxh1-da5e6fe14c9abaad69d618883f60b3ca av-styling- av-hover-grow avia-align-center avia-builder-el-4 avia-builder-el-no-sibling noHover av-overlay-on-hover\"><div class=\"avia-image-container-inner\"><div class=\"avia-image-overlay-wrap\"><div class=\"av-image-caption-overlay\"><div class=\"av-caption-image-overlay-bg\">\u00a0<\/div><div class=\"av-image-caption-overlay-position\"><div class=\"av-image-caption-overlay-center\"><p>Dr. rer. pol. Christine Lo\u0308tters<\/p><\/div><\/div><\/div><\/div><\/div><\/div><\/div><div class=\"flex_column av-7afnd-600f180d0b60ff3e750947531cabef3e av_one_third avia-builder-el-5 el_after_av_one_third el_before_av_one_half flex_column_div av-zero-column-padding\"><div class=\"avia-image-container av-6s8k1-9fb2a51b7401c0168626fbe8b46feb66 av-styling- avia_animated_image avia_animate_when_almost_visible top-to-bottom avia-align-left avia-builder-el-6 avia-builder-el-no-sibling avia_start_animation avia_start_delayed_animation\"><div class=\"avia-image-container-inner\"><div class=\"avia-image-overlay-wrap\">\u00a0<\/div><\/div><\/div><\/div><div class=\"flex_column av-65bsd-4f84ec3073a7f4510c2ba60b488b75ff av_one_half avia-builder-el-7 el_after_av_one_third el_before_av_one_half first flex_column_div column-top-margin\"><section class=\"av_textblock_section av-5gght-082c067fb3be4d10506895850290ae4d\"><div class=\"avia_textblock\"><p><strong>Inhaltlich verantwortlich: Dr. Christine Lo\u0308tters<\/strong><\/p><p>USt-ID: DE201526831<\/p><\/div><\/section><section class=\"av_textblock_section av-55tp9-44319e3f71930dce75f57b3055bc3d1b\"><div class=\"avia_textblock\"><p>Dieses Impressum gilt auch fu\u0308r die Profile auf <a href=\"https:\/\/www.xing.com\/pages\/strategy-communication-loetters\" target=\"_blank\" rel=\"noopener\">Xing<\/a>, <a href=\"https:\/\/www.instagram.com\/scloetters\/\" target=\"_blank\" rel=\"noopener\">Instagram<\/a>, <a href=\"https:\/\/twitter.com\/sclbonn\" target=\"_blank\" rel=\"noopener\">Twitter<\/a>, <a href=\"https:\/\/www.facebook.com\/SC.Loetters\" target=\"_blank\" rel=\"noopener\">Facebook<\/a>, <a href=\"https:\/\/www.linkedin.com\/company\/scl-%E2%80%A2-strategy-communication-l%C3%B6tters\/\" target=\"_blank\" rel=\"noopener\">Linkedin<\/a><\/p><\/div><\/section><div class=\"hr av-4foq9-2b01f15ee7352a67388f185275edfed3 hr-short avia-builder-el-10 el_after_av_textblock avia-builder-el-last hr-left\">Wir sind nicht bereit oder verpflichtet, an Streitbeilegungsverfahren vor einer Verbraucherschlichtungsstelle teilzunehmen.<\/div><\/div><div class=\"flex_column av-3ysux-39ef22f622cb0348dbebf42abb7c8dc3 av_one_half avia-builder-el-11 el_after_av_one_half el_before_av_one_full flex_column_div av-zero-column-padding column-top-margin\"><div class=\"hr av-3h4d1-2aa631fb351451d163f87f79b01c82ff hr-short avia-builder-el-12 el_before_av_textblock avia-builder-el-first hr-left\">\u00a0<\/div><section class=\"av_textblock_section av-2gbld-d1f2a6717f1e89bccdf199082fb9158a\"><div class=\"avia_textblock\"><p><strong>Bildrechte:<\/strong> die Urheberrechte an den verwendeten Bildern liegen bei Christine Lo\u0308tters selber oder wurden Ihr vom Urheber ausdru\u0308cklich u\u0308bertragen.<\/p><p>Ausnahmen: <a href=\"https:\/\/www.sc-loetters.de\/en\/events-vermarkter\/itbusiness\/\" target=\"_blank\" rel=\"noopener\">Seite IT&amp;Business<\/a> \u2013 Titelbild @Landesmesse Stuttgart GmbH | <a href=\"https:\/\/www.sc-loetters.de\/en\/events-vermarkter\/workshops\/\" target=\"_blank\" rel=\"noopener\">Seite Workshops<\/a> \u2013 2. Bild @Robert Kneschke-Fotolia#112133130 | <a href=\"https:\/\/www.sc-loetters.de\/en\/gpdm-ludwig\/\" target=\"_blank\" rel=\"noopener\">Seite GPdM+Ludwig<\/a> \u2013 Startvideo @Oskar Patzelt Stifung<\/p><p><strong>Bildnachweise\u00a0<\/strong><br \/>Verwendete Bilder und deren Quellen werden <a href=\"https:\/\/www.sc-loetters.de\/wp-content\/uploads\/2020\/11\/Liste_Fotos_Homepage_25.11.2020.pdf\" target=\"_blank\" rel=\"noopener\">hier<\/a> aufgelistet.<\/p><p>Die Verwendung von Logos anderer Unternehmen sowie Personenportraits der Testimonials erfolgt nur mit deren ausdr\u00fccklicher Genehmigung.<\/p><p>Bilder und Videos von Messen und Veranstaltungen: die Teilnehmer wurden im Vorfeld \u00fcber eine m\u00f6gliche Ver\u00f6ffentlichung in Kenntnis gesetzt und konnten dieser widersprechen.<\/p><\/div><\/section><\/div><div class=\"flex_column av-1muk5-56dc5953598013edd4b6570ea916737e av_one_full avia-builder-el-15 el_after_av_one_half avia-builder-el-last first flex_column_div column-top-margin\"><section class=\"av_textblock_section av-pish-cd1c9c0848f9fa8dbb5d8e01d61e89bb\"><div class=\"avia_textblock\"><p><strong>Haftungshinweis, Externe Links<\/strong><\/p><p>Trotz sorgfa\u0308ltiger inhaltlicher Kontrolle u\u0308bernehmen wir keine Haftung fu\u0308r Inhalte externer Links. Fu\u0308r den Inhalt der verlinkten Seiten sind ausschlie\u00dflich deren Betreiber verantwortlich.<\/p><p><strong>Urheberrechtshinweise<\/strong><\/p><p>Alle auf dieser Website vero\u0308ffentlichten Beitra\u0308ge und Abbildungen sind urheberrechtlich geschu\u0308tzt. Jede vom Urheberrechtsgesetz nicht zugelassene Verwertung bedarf vorheriger schriftlicher Zustimmung der Anbieter. Dies gilt insbesondere fu\u0308r Vervielfa\u0308ltigung, Bearbeitung, \u00dcbersetzung, Einspeicherung, Verarbeitung bzw. Wiedergabe von Inhalten in Datenbanken oder anderen elektronischen Medien und Systemen. Fotokopien und Downloads von Web-Seiten du\u0308rfen nur fu\u0308r den perso\u0308nlichen, privaten und nicht kommerziellen Gebrauch hergestellt werden.<\/p><p><strong>Unverbindlichkeit der Informationen<\/strong><\/p><p>Die Inhalte dieser Website werden mit gro\u0308\u00dftmo\u0308glicher Sorgfalt recherchiert. Gleichwohl u\u0308bernimmt der Anbieter keine Haftung fu\u0308r die Richtigkeit, Vollsta\u0308ndigkeit und Aktualita\u0308t der bereitgestellten Informationen. Die Beitra\u0308ge geben die Meinung des jeweiligen Autors wieder.<\/p><p><strong>Unverbindlichkeit von Ausku\u0308nften<\/strong><\/p><p>Die Informationen, die auf dieser Website bereitgestellt werden, sind allgemeiner Art und sind unverbindlich.<\/p><p><strong>Kommunikation u\u0308ber E-Mail<\/strong><\/p><p>Eine Kommunikation via E-Mail kann Sicherheitslu\u0308cken aufweisen. Beispielsweise ko\u0308nnen E-Mails auf ihrem Weg an die Mitarbeiter unseres Unternehmens oder an unsere Netzwerkpartner von versierten Internet-Nutzern aufgehalten und eingesehen werden. Sollten wir eine E-Mail von Ihnen erhalten, so gehen wir davon aus, dass wir zu einer Beantwortung per E-Mail berechtigt sind. Ansonsten mu\u0308ssen Sie ausdru\u0308cklich auf eine andere Art der Kommunikation verweisen. Eine Verschlu\u0308sselung der Nachrichten mit ga\u0308ngigen Verschlu\u0308sselungsstandards (z.B. PGP) erfolgt nur auf ausdru\u0308cklichen Wunsch nach Besta\u0308tigung.<\/p><p><strong>KI-Hinweis<\/strong><\/p><p>Einige Inhalte auf dieser Website entstehen mit Unterst\u00fctzung von KI-gest\u00fctzten Tools (z. B. ChatGPT) gem\u00e4\u00df den Transparenzanforderungen der EU-KI-Verordnung. Alle Inhalte werden redaktionell gepr\u00fcft und verantwortet.<\/p><\/div><\/section><\/div><\/div><\/div><\/div><\/div>\t\t\t\t\t\t\t\t<\/div>\n\t\t\t\t<\/div>\n\t\t\t\t\t<\/div>\n\t\t<\/div>\n\t\t\t\t\t<\/div>\n\t\t<\/section>\n\t\t\t\t<\/div>","protected":false},"excerpt":{"rendered":"<p>\u00a0 SC L\u00f6tters PR Agentur \u2013 Kommunikations Agentur Dr. Christine Lo\u0308ttersZur Marterkapelle 30 \u2022 53127 BonnFon 0228 209478-20Fax 0228 209478-23Mobil 0171 4811803loetters@sc-loetters.de Storytelling . Communication . Public Relations \u00a0\u00a0 Dr. [&hellip;]<\/p>\n","protected":false},"author":1,"featured_media":0,"parent":0,"menu_order":0,"comment_status":"closed","ping_status":"closed","template":"","meta":{"_themeisle_gutenberg_block_has_review":false,"footnotes":""},"class_list":["post-242","page","type-page","status-publish","hentry"],"yoast_head":"<!-- This site is optimized with the Yoast SEO plugin v27.3 - https:\/\/yoast.com\/product\/yoast-seo-wordpress\/ -->\n<title>Impressum - SC L\u00f6tters<\/title>\n<meta name=\"robots\" content=\"index, follow, max-snippet:-1, max-image-preview:large, max-video-preview:-1\" \/>\n<link rel=\"canonical\" href=\"https:\/\/www.sc-loetters.de\/en\/impressum\/\" \/>\n<meta property=\"og:locale\" content=\"en_GB\" \/>\n<meta property=\"og:type\" content=\"article\" \/>\n<meta property=\"og:title\" content=\"Impressum - SC L\u00f6tters\" \/>\n<meta property=\"og:description\" content=\"\u00a0 SC L\u00f6tters PR Agentur \u2013 Kommunikations Agentur Dr. Christine Lo\u0308ttersZur Marterkapelle 30 \u2022 53127 BonnFon 0228 209478-20Fax 0228 209478-23Mobil 0171 4811803loetters@sc-loetters.de Storytelling . Communication . Public Relations \u00a0\u00a0 Dr. [&hellip;]\" \/>\n<meta property=\"og:url\" content=\"https:\/\/www.sc-loetters.de\/en\/impressum\/\" \/>\n<meta property=\"og:site_name\" content=\"SC L\u00f6tters\" \/>\n<meta property=\"article:modified_time\" content=\"2025-09-18T10:23:07+00:00\" \/>\n<meta name=\"twitter:card\" content=\"summary_large_image\" \/>\n<meta name=\"twitter:label1\" content=\"Estimated reading time\" \/>\n\t<meta name=\"twitter:data1\" content=\"3 minutes\" \/>\n<script type=\"application\/ld+json\" class=\"yoast-schema-graph\">{\"@context\":\"https:\\\/\\\/schema.org\",\"@graph\":[{\"@type\":\"WebPage\",\"@id\":\"https:\\\/\\\/www.sc-loetters.de\\\/impressum\\\/\",\"url\":\"https:\\\/\\\/www.sc-loetters.de\\\/impressum\\\/\",\"name\":\"Impressum - SC L\u00f6tters\",\"isPartOf\":{\"@id\":\"https:\\\/\\\/www.sc-loetters.de\\\/#website\"},\"datePublished\":\"2022-02-03T10:12:22+00:00\",\"dateModified\":\"2025-09-18T10:23:07+00:00\",\"breadcrumb\":{\"@id\":\"https:\\\/\\\/www.sc-loetters.de\\\/impressum\\\/#breadcrumb\"},\"inLanguage\":\"en-GB\",\"potentialAction\":[{\"@type\":\"ReadAction\",\"target\":[\"https:\\\/\\\/www.sc-loetters.de\\\/impressum\\\/\"]}]},{\"@type\":\"BreadcrumbList\",\"@id\":\"https:\\\/\\\/www.sc-loetters.de\\\/impressum\\\/#breadcrumb\",\"itemListElement\":[{\"@type\":\"ListItem\",\"position\":1,\"name\":\"Startseite\",\"item\":\"https:\\\/\\\/www.sc-loetters.de\\\/\"},{\"@type\":\"ListItem\",\"position\":2,\"name\":\"Impressum\"}]},{\"@type\":\"WebSite\",\"@id\":\"https:\\\/\\\/www.sc-loetters.de\\\/#website\",\"url\":\"https:\\\/\\\/www.sc-loetters.de\\\/\",\"name\":\"SC L\u00f6tters\",\"description\":\"\",\"publisher\":{\"@id\":\"https:\\\/\\\/www.sc-loetters.de\\\/#organization\"},\"potentialAction\":[{\"@type\":\"SearchAction\",\"target\":{\"@type\":\"EntryPoint\",\"urlTemplate\":\"https:\\\/\\\/www.sc-loetters.de\\\/?s={search_term_string}\"},\"query-input\":{\"@type\":\"PropertyValueSpecification\",\"valueRequired\":true,\"valueName\":\"search_term_string\"}}],\"inLanguage\":\"en-GB\"},{\"@type\":\"Organization\",\"@id\":\"https:\\\/\\\/www.sc-loetters.de\\\/#organization\",\"name\":\"SC L\u00f6tters\",\"url\":\"https:\\\/\\\/www.sc-loetters.de\\\/\",\"logo\":{\"@type\":\"ImageObject\",\"inLanguage\":\"en-GB\",\"@id\":\"https:\\\/\\\/www.sc-loetters.de\\\/#\\\/schema\\\/logo\\\/image\\\/\",\"url\":\"https:\\\/\\\/www.sc-loetters.de\\\/wp-content\\\/uploads\\\/2022\\\/01\\\/SC.L-4cm-png.png\",\"contentUrl\":\"https:\\\/\\\/www.sc-loetters.de\\\/wp-content\\\/uploads\\\/2022\\\/01\\\/SC.L-4cm-png.png\",\"width\":261,\"height\":114,\"caption\":\"SC L\u00f6tters\"},\"image\":{\"@id\":\"https:\\\/\\\/www.sc-loetters.de\\\/#\\\/schema\\\/logo\\\/image\\\/\"}}]}<\/script>\n<!-- \/ Yoast SEO plugin. -->","yoast_head_json":{"title":"Impressum - SC L\u00f6tters","robots":{"index":"index","follow":"follow","max-snippet":"max-snippet:-1","max-image-preview":"max-image-preview:large","max-video-preview":"max-video-preview:-1"},"canonical":"https:\/\/www.sc-loetters.de\/en\/impressum\/","og_locale":"en_GB","og_type":"article","og_title":"Impressum - SC L\u00f6tters","og_description":"\u00a0 SC L\u00f6tters PR Agentur \u2013 Kommunikations Agentur Dr. Christine Lo\u0308ttersZur Marterkapelle 30 \u2022 53127 BonnFon 0228 209478-20Fax 0228 209478-23Mobil 0171 4811803loetters@sc-loetters.de Storytelling . Communication . Public Relations \u00a0\u00a0 Dr. [&hellip;]","og_url":"https:\/\/www.sc-loetters.de\/en\/impressum\/","og_site_name":"SC L\u00f6tters","article_modified_time":"2025-09-18T10:23:07+00:00","twitter_card":"summary_large_image","twitter_misc":{"Estimated reading time":"3 minutes"},"schema":{"@context":"https:\/\/schema.org","@graph":[{"@type":"WebPage","@id":"https:\/\/www.sc-loetters.de\/impressum\/","url":"https:\/\/www.sc-loetters.de\/impressum\/","name":"Impressum - SC L\u00f6tters","isPartOf":{"@id":"https:\/\/www.sc-loetters.de\/#website"},"datePublished":"2022-02-03T10:12:22+00:00","dateModified":"2025-09-18T10:23:07+00:00","breadcrumb":{"@id":"https:\/\/www.sc-loetters.de\/impressum\/#breadcrumb"},"inLanguage":"en-GB","potentialAction":[{"@type":"ReadAction","target":["https:\/\/www.sc-loetters.de\/impressum\/"]}]},{"@type":"BreadcrumbList","@id":"https:\/\/www.sc-loetters.de\/impressum\/#breadcrumb","itemListElement":[{"@type":"ListItem","position":1,"name":"Startseite","item":"https:\/\/www.sc-loetters.de\/"},{"@type":"ListItem","position":2,"name":"Impressum"}]},{"@type":"WebSite","@id":"https:\/\/www.sc-loetters.de\/#website","url":"https:\/\/www.sc-loetters.de\/","name":"SC L\u00f6tters","description":"","publisher":{"@id":"https:\/\/www.sc-loetters.de\/#organization"},"potentialAction":[{"@type":"SearchAction","target":{"@type":"EntryPoint","urlTemplate":"https:\/\/www.sc-loetters.de\/?s={search_term_string}"},"query-input":{"@type":"PropertyValueSpecification","valueRequired":true,"valueName":"search_term_string"}}],"inLanguage":"en-GB"},{"@type":"Organization","@id":"https:\/\/www.sc-loetters.de\/#organization","name":"SC L\u00f6tters","url":"https:\/\/www.sc-loetters.de\/","logo":{"@type":"ImageObject","inLanguage":"en-GB","@id":"https:\/\/www.sc-loetters.de\/#\/schema\/logo\/image\/","url":"https:\/\/www.sc-loetters.de\/wp-content\/uploads\/2022\/01\/SC.L-4cm-png.png","contentUrl":"https:\/\/www.sc-loetters.de\/wp-content\/uploads\/2022\/01\/SC.L-4cm-png.png","width":261,"height":114,"caption":"SC L\u00f6tters"},"image":{"@id":"https:\/\/www.sc-loetters.de\/#\/schema\/logo\/image\/"}}]}},"_links":{"self":[{"href":"https:\/\/www.sc-loetters.de\/en\/wp-json\/wp\/v2\/pages\/242","targetHints":{"allow":["GET"]}}],"collection":[{"href":"https:\/\/www.sc-loetters.de\/en\/wp-json\/wp\/v2\/pages"}],"about":[{"href":"https:\/\/www.sc-loetters.de\/en\/wp-json\/wp\/v2\/types\/page"}],"author":[{"embeddable":true,"href":"https:\/\/www.sc-loetters.de\/en\/wp-json\/wp\/v2\/users\/1"}],"replies":[{"embeddable":true,"href":"https:\/\/www.sc-loetters.de\/en\/wp-json\/wp\/v2\/comments?post=242"}],"version-history":[{"count":13,"href":"https:\/\/www.sc-loetters.de\/en\/wp-json\/wp\/v2\/pages\/242\/revisions"}],"predecessor-version":[{"id":3007,"href":"https:\/\/www.sc-loetters.de\/en\/wp-json\/wp\/v2\/pages\/242\/revisions\/3007"}],"wp:attachment":[{"href":"https:\/\/www.sc-loetters.de\/en\/wp-json\/wp\/v2\/media?parent=242"}],"curies":[{"name":"wp","href":"https:\/\/api.w.org\/{rel}","templated":true}]}}