{"id":2778,"date":"2024-10-02T11:31:41","date_gmt":"2024-10-02T11:31:41","guid":{"rendered":"https:\/\/www.sc-loetters.de\/?page_id=2778"},"modified":"2025-04-01T09:01:40","modified_gmt":"2025-04-01T09:01:40","slug":"unser-team","status":"publish","type":"page","link":"https:\/\/www.sc-loetters.de\/en\/unser-team\/","title":{"rendered":"Unser Team"},"content":{"rendered":"\t\t<div data-elementor-type=\"wp-page\" data-elementor-id=\"2778\" class=\"elementor elementor-2778\" data-elementor-post-type=\"page\">\n\t\t\t\t\t\t<section class=\"elementor-section elementor-top-section elementor-element elementor-element-3eb4750 elementor-section-boxed elementor-section-height-default elementor-section-height-default\" data-id=\"3eb4750\" data-element_type=\"section\" data-e-type=\"section\">\n\t\t\t\t\t\t<div class=\"elementor-container elementor-column-gap-default\">\n\t\t\t\t\t<div class=\"elementor-column elementor-col-100 elementor-top-column elementor-element elementor-element-4375f7d\" data-id=\"4375f7d\" data-element_type=\"column\" data-e-type=\"column\">\n\t\t\t<div class=\"elementor-widget-wrap elementor-element-populated\">\n\t\t\t\t\t\t<div class=\"elementor-element elementor-element-763d9cb elementor-widget elementor-widget-heading\" data-id=\"763d9cb\" data-element_type=\"widget\" data-e-type=\"widget\" data-widget_type=\"heading.default\">\n\t\t\t\t<div class=\"elementor-widget-container\">\n\t\t\t\t\t<h2 class=\"elementor-heading-title elementor-size-default\">Unser Team<\/h2>\t\t\t\t<\/div>\n\t\t\t\t<\/div>\n\t\t\t\t<section class=\"elementor-section elementor-inner-section elementor-element elementor-element-55805ca elementor-section-boxed elementor-section-height-default elementor-section-height-default\" data-id=\"55805ca\" data-element_type=\"section\" data-e-type=\"section\">\n\t\t\t\t\t\t<div class=\"elementor-container elementor-column-gap-default\">\n\t\t\t\t\t<div class=\"elementor-column elementor-col-50 elementor-inner-column elementor-element elementor-element-9f1bfbf\" data-id=\"9f1bfbf\" data-element_type=\"column\" data-e-type=\"column\">\n\t\t\t<div class=\"elementor-widget-wrap elementor-element-populated\">\n\t\t\t\t\t\t<div class=\"elementor-element elementor-element-c1f118a elementor-widget elementor-widget-text-editor\" data-id=\"c1f118a\" data-element_type=\"widget\" data-e-type=\"widget\" data-widget_type=\"text-editor.default\">\n\t\t\t\t<div class=\"elementor-widget-container\">\n\t\t\t\t\t\t\t\t\t<h3><strong>Dr. Christine L\u00f6tters<br \/><\/strong><\/h3><p><em>Inhaberin<\/em><\/p><p>Christine L\u00f6tters bringt ihre langj\u00e4hrige Erfahrung im Bereich Pressearbeit und Unternehmenskommunikation in die Leitung von SC L\u00f6tters ein. Als Inhaberin koordiniert sie s\u00e4mtliche Projekte und sorgt daf\u00fcr, dass die Botschaften unserer Kunden zielgerichtet und wirkungsvoll kommuniziert werden.<\/p>\t\t\t\t\t\t\t\t<\/div>\n\t\t\t\t<\/div>\n\t\t\t\t\t<\/div>\n\t\t<\/div>\n\t\t\t\t<div class=\"elementor-column elementor-col-50 elementor-inner-column elementor-element elementor-element-5eac70a\" data-id=\"5eac70a\" data-element_type=\"column\" data-e-type=\"column\">\n\t\t\t<div class=\"elementor-widget-wrap elementor-element-populated\">\n\t\t\t\t\t\t<div class=\"elementor-element elementor-element-a66751b elementor-widget elementor-widget-image\" data-id=\"a66751b\" data-element_type=\"widget\" data-e-type=\"widget\" data-widget_type=\"image.default\">\n\t\t\t\t<div class=\"elementor-widget-container\">\n\t\t\t\t\t\t\t\t\t\t\t\t\t\t\t<img decoding=\"async\" width=\"150\" height=\"150\" src=\"https:\/\/www.sc-loetters.de\/wp-content\/uploads\/2024\/10\/Beethoven_Quadrat-150x150.jpg\" class=\"attachment-thumbnail size-thumbnail wp-image-2802\" alt=\"\" srcset=\"https:\/\/www.sc-loetters.de\/wp-content\/uploads\/2024\/10\/Beethoven_Quadrat-150x150.jpg 150w, https:\/\/www.sc-loetters.de\/wp-content\/uploads\/2024\/10\/Beethoven_Quadrat-11x12.jpg 11w\" sizes=\"(max-width: 150px) 100vw, 150px\" \/>\t\t\t\t\t\t\t\t\t\t\t\t\t\t\t<\/div>\n\t\t\t\t<\/div>\n\t\t\t\t\t<\/div>\n\t\t<\/div>\n\t\t\t\t\t<\/div>\n\t\t<\/section>\n\t\t\t\t\t<\/div>\n\t\t<\/div>\n\t\t\t\t\t<\/div>\n\t\t<\/section>\n\t\t\t\t<section class=\"elementor-section elementor-top-section elementor-element elementor-element-6479cc6 elementor-section-boxed elementor-section-height-default elementor-section-height-default\" data-id=\"6479cc6\" data-element_type=\"section\" data-e-type=\"section\">\n\t\t\t\t\t\t<div class=\"elementor-container elementor-column-gap-default\">\n\t\t\t\t\t<div class=\"elementor-column elementor-col-100 elementor-top-column elementor-element elementor-element-b3ddea8\" data-id=\"b3ddea8\" data-element_type=\"column\" data-e-type=\"column\">\n\t\t\t<div class=\"elementor-widget-wrap elementor-element-populated\">\n\t\t\t\t\t\t<div class=\"elementor-element elementor-element-692ecf7 elementor-widget-divider--view-line elementor-widget elementor-widget-divider\" data-id=\"692ecf7\" data-element_type=\"widget\" data-e-type=\"widget\" data-widget_type=\"divider.default\">\n\t\t\t\t<div class=\"elementor-widget-container\">\n\t\t\t\t\t\t\t<div class=\"elementor-divider\">\n\t\t\t<span class=\"elementor-divider-separator\">\n\t\t\t\t\t\t<\/span>\n\t\t<\/div>\n\t\t\t\t\t\t<\/div>\n\t\t\t\t<\/div>\n\t\t\t\t<section class=\"elementor-section elementor-inner-section elementor-element elementor-element-50f6194 elementor-section-boxed elementor-section-height-default elementor-section-height-default\" data-id=\"50f6194\" data-element_type=\"section\" data-e-type=\"section\">\n\t\t\t\t\t\t<div class=\"elementor-container elementor-column-gap-default\">\n\t\t\t\t\t<div class=\"elementor-column elementor-col-50 elementor-inner-column elementor-element elementor-element-ad92200\" data-id=\"ad92200\" data-element_type=\"column\" data-e-type=\"column\">\n\t\t\t<div class=\"elementor-widget-wrap elementor-element-populated\">\n\t\t\t\t\t\t<div class=\"elementor-element elementor-element-dae1d60 elementor-widget elementor-widget-text-editor\" data-id=\"dae1d60\" data-element_type=\"widget\" data-e-type=\"widget\" data-widget_type=\"text-editor.default\">\n\t\t\t\t<div class=\"elementor-widget-container\">\n\t\t\t\t\t\t\t\t\t<h3><strong>Philipp R\u00f6ttgers<br \/><\/strong><\/h3><p><em>Social Media Marketing, SEO, Content f\u00fcr Websites, Pressearbeit, Videobearbeitung<\/em><\/p><p>Philipp R\u00f6ttgers ist unser Experte f\u00fcr Social Media und digitalen Content. Er betreut unsere Kunden im Bereich Social Media Marketing, optimiert Inhalte f\u00fcr Suchmaschinen (SEO) und erstellt ma\u00dfgeschneiderten Content f\u00fcr Websites. Zudem ist er verantwortlich f\u00fcr Pressearbeit und die professionelle Bearbeitung von Videos.<\/p>\t\t\t\t\t\t\t\t<\/div>\n\t\t\t\t<\/div>\n\t\t\t\t\t<\/div>\n\t\t<\/div>\n\t\t\t\t<div class=\"elementor-column elementor-col-50 elementor-inner-column elementor-element elementor-element-91688eb\" data-id=\"91688eb\" data-element_type=\"column\" data-e-type=\"column\">\n\t\t\t<div class=\"elementor-widget-wrap elementor-element-populated\">\n\t\t\t\t\t\t<div class=\"elementor-element elementor-element-6d85273 elementor-widget elementor-widget-image\" data-id=\"6d85273\" data-element_type=\"widget\" data-e-type=\"widget\" data-widget_type=\"image.default\">\n\t\t\t\t<div class=\"elementor-widget-container\">\n\t\t\t\t\t\t\t\t\t\t\t\t\t\t\t<img decoding=\"async\" width=\"150\" height=\"150\" src=\"https:\/\/www.sc-loetters.de\/wp-content\/uploads\/2024\/10\/IMG_1633r-1-150x150.jpg\" class=\"attachment-thumbnail size-thumbnail wp-image-2783\" alt=\"\" srcset=\"https:\/\/www.sc-loetters.de\/wp-content\/uploads\/2024\/10\/IMG_1633r-1-150x150.jpg 150w, https:\/\/www.sc-loetters.de\/wp-content\/uploads\/2024\/10\/IMG_1633r-1-300x300.jpg 300w, https:\/\/www.sc-loetters.de\/wp-content\/uploads\/2024\/10\/IMG_1633r-1-1024x1024.jpg 1024w, https:\/\/www.sc-loetters.de\/wp-content\/uploads\/2024\/10\/IMG_1633r-1-768x768.jpg 768w, https:\/\/www.sc-loetters.de\/wp-content\/uploads\/2024\/10\/IMG_1633r-1-12x12.jpg 12w, https:\/\/www.sc-loetters.de\/wp-content\/uploads\/2024\/10\/IMG_1633r-1.jpg 1063w\" sizes=\"(max-width: 150px) 100vw, 150px\" \/>\t\t\t\t\t\t\t\t\t\t\t\t\t\t\t<\/div>\n\t\t\t\t<\/div>\n\t\t\t\t\t<\/div>\n\t\t<\/div>\n\t\t\t\t\t<\/div>\n\t\t<\/section>\n\t\t\t\t\t<\/div>\n\t\t<\/div>\n\t\t\t\t\t<\/div>\n\t\t<\/section>\n\t\t\t\t<section class=\"elementor-section elementor-top-section elementor-element elementor-element-dd18860 elementor-section-boxed elementor-section-height-default elementor-section-height-default\" data-id=\"dd18860\" data-element_type=\"section\" data-e-type=\"section\">\n\t\t\t\t\t\t<div class=\"elementor-container elementor-column-gap-default\">\n\t\t\t\t\t<div class=\"elementor-column elementor-col-100 elementor-top-column elementor-element elementor-element-5f2f908\" data-id=\"5f2f908\" data-element_type=\"column\" data-e-type=\"column\">\n\t\t\t<div class=\"elementor-widget-wrap elementor-element-populated\">\n\t\t\t\t\t\t<section class=\"elementor-section elementor-inner-section elementor-element elementor-element-dd3685a elementor-section-boxed elementor-section-height-default elementor-section-height-default\" data-id=\"dd3685a\" data-element_type=\"section\" data-e-type=\"section\">\n\t\t\t\t\t\t<div class=\"elementor-container elementor-column-gap-default\">\n\t\t\t\t\t<div class=\"elementor-column elementor-col-100 elementor-inner-column elementor-element elementor-element-5d043a3\" data-id=\"5d043a3\" data-element_type=\"column\" data-e-type=\"column\">\n\t\t\t<div class=\"elementor-widget-wrap elementor-element-populated\">\n\t\t\t\t\t\t<div class=\"elementor-element elementor-element-b28170a elementor-widget elementor-widget-text-editor\" data-id=\"b28170a\" data-element_type=\"widget\" data-e-type=\"widget\" data-widget_type=\"text-editor.default\">\n\t\t\t\t<div class=\"elementor-widget-container\">\n\t\t\t\t\t\t\t\t\t<h3><strong>Unsere festen freien Mitarbeiter<br \/><\/strong><\/h3><p><em>Expertise f\u00fcr ausgew\u00e4hlte Projekte<\/em><\/p><p>Neben unserem Kernteam arbeiten wir bei SC L\u00f6tters eng mit festen freien Mitarbeitern zusammen, die uns in ausgew\u00e4hlten Projekten unterst\u00fctzen. Diese Experten bringen ihre spezifischen Kenntnisse und Erfahrungen ein, um sicherzustellen, dass unsere Kunden in jedem Bereich optimal betreut werden. Ob in der Pressearbeit, Bildbearbeitung oder Spezialprojekten \u2013 unsere festen Freien erg\u00e4nzen unser Team mit wertvoller Expertise und frischen Ideen.<\/p>\t\t\t\t\t\t\t\t<\/div>\n\t\t\t\t<\/div>\n\t\t\t\t\t<\/div>\n\t\t<\/div>\n\t\t\t\t\t<\/div>\n\t\t<\/section>\n\t\t\t\t<div class=\"elementor-element elementor-element-1ad4c0b elementor-widget-divider--view-line elementor-widget elementor-widget-divider\" data-id=\"1ad4c0b\" data-element_type=\"widget\" data-e-type=\"widget\" data-widget_type=\"divider.default\">\n\t\t\t\t<div class=\"elementor-widget-container\">\n\t\t\t\t\t\t\t<div class=\"elementor-divider\">\n\t\t\t<span class=\"elementor-divider-separator\">\n\t\t\t\t\t\t<\/span>\n\t\t<\/div>\n\t\t\t\t\t\t<\/div>\n\t\t\t\t<\/div>\n\t\t\t\t\t<\/div>\n\t\t<\/div>\n\t\t\t\t\t<\/div>\n\t\t<\/section>\n\t\t\t\t<section class=\"elementor-section elementor-top-section elementor-element elementor-element-46e0853 elementor-section-boxed elementor-section-height-default elementor-section-height-default\" data-id=\"46e0853\" data-element_type=\"section\" data-e-type=\"section\" data-settings=\"{&quot;background_background&quot;:&quot;classic&quot;}\">\n\t\t\t\t\t\t<div class=\"elementor-container elementor-column-gap-default\">\n\t\t\t\t\t<div class=\"elementor-column elementor-col-50 elementor-top-column elementor-element elementor-element-850a915\" data-id=\"850a915\" data-element_type=\"column\" data-e-type=\"column\">\n\t\t\t<div class=\"elementor-widget-wrap elementor-element-populated\">\n\t\t\t\t\t\t<div class=\"elementor-element elementor-element-223d13c elementor-widget elementor-widget-heading\" data-id=\"223d13c\" data-element_type=\"widget\" data-e-type=\"widget\" data-widget_type=\"heading.default\">\n\t\t\t\t<div class=\"elementor-widget-container\">\n\t\t\t\t\t<h3 class=\"elementor-heading-title elementor-size-default\">Wir f\u00fcr Sie<\/h3>\t\t\t\t<\/div>\n\t\t\t\t<\/div>\n\t\t\t\t<div class=\"elementor-element elementor-element-3eb1a0b elementor-widget elementor-widget-heading\" data-id=\"3eb1a0b\" data-element_type=\"widget\" data-e-type=\"widget\" data-widget_type=\"heading.default\">\n\t\t\t\t<div class=\"elementor-widget-container\">\n\t\t\t\t\t<h4 class=\"elementor-heading-title elementor-size-default\">Nehmen Sie Kontakt mit uns auf!\u200b<\/h4>\t\t\t\t<\/div>\n\t\t\t\t<\/div>\n\t\t\t\t\t<\/div>\n\t\t<\/div>\n\t\t\t\t<div class=\"elementor-column elementor-col-50 elementor-top-column elementor-element elementor-element-d8694fd\" data-id=\"d8694fd\" data-element_type=\"column\" data-e-type=\"column\">\n\t\t\t<div class=\"elementor-widget-wrap elementor-element-populated\">\n\t\t\t\t\t\t<div class=\"elementor-element elementor-element-109d18f elementor-button-align-stretch elementor-widget elementor-widget-form\" data-id=\"109d18f\" data-element_type=\"widget\" data-e-type=\"widget\" data-settings=\"{&quot;step_next_label&quot;:&quot;Next&quot;,&quot;step_previous_label&quot;:&quot;Previous&quot;,&quot;button_width&quot;:&quot;100&quot;,&quot;step_type&quot;:&quot;number_text&quot;,&quot;step_icon_shape&quot;:&quot;circle&quot;}\" data-widget_type=\"form.default\">\n\t\t\t\t<div class=\"elementor-widget-container\">\n\t\t\t\t\t\t\t<form class=\"elementor-form\" method=\"post\" name=\"New Form\" aria-label=\"New Form\">\n\t\t\t<input type=\"hidden\" name=\"post_id\" value=\"2778\"\/>\n\t\t\t<input type=\"hidden\" name=\"form_id\" value=\"109d18f\"\/>\n\t\t\t<input type=\"hidden\" name=\"referer_title\" value=\"SC L\u00f6tters\" \/>\n\n\t\t\t\n\t\t\t<div class=\"elementor-form-fields-wrapper elementor-labels-above\">\n\t\t\t\t\t\t\t\t<div class=\"elementor-field-type-text elementor-field-group elementor-column elementor-field-group-name elementor-col-100\">\n\t\t\t\t\t\t\t\t\t\t\t\t<label for=\"form-field-name\" class=\"elementor-field-label\">\n\t\t\t\t\t\t\t\tName\t\t\t\t\t\t\t<\/label>\n\t\t\t\t\t\t\t\t\t\t\t\t\t\t<input size=\"1\" type=\"text\" name=\"form_fields[name]\" id=\"form-field-name\" class=\"elementor-field elementor-size-sm  elementor-field-textual\" placeholder=\"Name\">\n\t\t\t\t\t\t\t\t\t\t\t<\/div>\n\t\t\t\t\t\t\t\t<div class=\"elementor-field-type-email elementor-field-group elementor-column elementor-field-group-email elementor-col-100 elementor-field-required\">\n\t\t\t\t\t\t\t\t\t\t\t\t<label for=\"form-field-email\" class=\"elementor-field-label\">\n\t\t\t\t\t\t\t\tEmail\t\t\t\t\t\t\t<\/label>\n\t\t\t\t\t\t\t\t\t\t\t\t\t\t<input size=\"1\" type=\"email\" name=\"form_fields[email]\" id=\"form-field-email\" class=\"elementor-field elementor-size-sm  elementor-field-textual\" placeholder=\"Email\" required=\"required\">\n\t\t\t\t\t\t\t\t\t\t\t<\/div>\n\t\t\t\t\t\t\t\t<div class=\"elementor-field-type-textarea elementor-field-group elementor-column elementor-field-group-message elementor-col-100\">\n\t\t\t\t\t\t\t\t\t\t\t\t<label for=\"form-field-message\" class=\"elementor-field-label\">\n\t\t\t\t\t\t\t\tMessage\t\t\t\t\t\t\t<\/label>\n\t\t\t\t\t\t<textarea class=\"elementor-field-textual elementor-field  elementor-size-sm\" name=\"form_fields[message]\" id=\"form-field-message\" rows=\"4\" placeholder=\"Message\"><\/textarea>\t\t\t\t<\/div>\n\t\t\t\t\t\t\t\t<div class=\"elementor-field-group elementor-column elementor-field-type-submit elementor-col-100 e-form__buttons\">\n\t\t\t\t\t<button class=\"elementor-button elementor-size-sm\" type=\"submit\">\n\t\t\t\t\t\t<span class=\"elementor-button-content-wrapper\">\n\t\t\t\t\t\t\t\t\t\t\t\t\t\t\t\t\t\t\t\t\t\t<span class=\"elementor-button-text\">Send<\/span>\n\t\t\t\t\t\t\t\t\t\t\t\t\t<\/span>\n\t\t\t\t\t<\/button>\n\t\t\t\t<\/div>\n\t\t\t<\/div>\n\t\t<\/form>\n\t\t\t\t\t\t<\/div>\n\t\t\t\t<\/div>\n\t\t\t\t\t<\/div>\n\t\t<\/div>\n\t\t\t\t\t<\/div>\n\t\t<\/section>\n\t\t\t\t<section class=\"elementor-section elementor-top-section elementor-element elementor-element-6a3a0d4 elementor-section-boxed elementor-section-height-default elementor-section-height-default\" data-id=\"6a3a0d4\" data-element_type=\"section\" data-e-type=\"section\">\n\t\t\t\t\t\t<div class=\"elementor-container elementor-column-gap-default\">\n\t\t\t\t\t<div class=\"elementor-column elementor-col-100 elementor-top-column elementor-element elementor-element-8192a34\" data-id=\"8192a34\" data-element_type=\"column\" data-e-type=\"column\">\n\t\t\t<div class=\"elementor-widget-wrap\">\n\t\t\t\t\t\t\t<\/div>\n\t\t<\/div>\n\t\t\t\t\t<\/div>\n\t\t<\/section>\n\t\t\t\t<section class=\"elementor-section elementor-top-section elementor-element elementor-element-28a352e elementor-section-boxed elementor-section-height-default elementor-section-height-default\" data-id=\"28a352e\" data-element_type=\"section\" data-e-type=\"section\">\n\t\t\t\t\t\t<div class=\"elementor-container elementor-column-gap-default\">\n\t\t\t\t\t<div class=\"elementor-column elementor-col-100 elementor-top-column elementor-element elementor-element-e9a1d5e\" data-id=\"e9a1d5e\" data-element_type=\"column\" data-e-type=\"column\">\n\t\t\t<div class=\"elementor-widget-wrap\">\n\t\t\t\t\t\t\t<\/div>\n\t\t<\/div>\n\t\t\t\t\t<\/div>\n\t\t<\/section>\n\t\t\t\t<\/div>\n\t\t","protected":false},"excerpt":{"rendered":"<p>Unser Team Dr. Christine L\u00f6tters Inhaberin Christine L\u00f6tters bringt ihre langj\u00e4hrige Erfahrung im Bereich Pressearbeit und Unternehmenskommunikation in die Leitung von SC L\u00f6tters ein. Als Inhaberin koordiniert sie s\u00e4mtliche Projekte [&hellip;]<\/p>\n","protected":false},"author":1,"featured_media":67,"parent":0,"menu_order":0,"comment_status":"closed","ping_status":"closed","template":"","meta":{"_themeisle_gutenberg_block_has_review":false,"footnotes":""},"class_list":["post-2778","page","type-page","status-publish","has-post-thumbnail","hentry"],"yoast_head":"<!-- This site is optimized with the Yoast SEO plugin v27.4 - https:\/\/yoast.com\/product\/yoast-seo-wordpress\/ -->\n<title>Unser Team - SC L\u00f6tters<\/title>\n<meta name=\"robots\" content=\"index, follow, max-snippet:-1, max-image-preview:large, max-video-preview:-1\" \/>\n<link rel=\"canonical\" href=\"https:\/\/www.sc-loetters.de\/en\/unser-team\/\" \/>\n<meta property=\"og:locale\" content=\"en_GB\" \/>\n<meta property=\"og:type\" content=\"article\" \/>\n<meta property=\"og:title\" content=\"Unser Team - SC L\u00f6tters\" \/>\n<meta property=\"og:description\" content=\"Unser Team Dr. Christine L\u00f6tters Inhaberin Christine L\u00f6tters bringt ihre langj\u00e4hrige Erfahrung im Bereich Pressearbeit und Unternehmenskommunikation in die Leitung von SC L\u00f6tters ein. Als Inhaberin koordiniert sie s\u00e4mtliche Projekte [&hellip;]\" \/>\n<meta property=\"og:url\" content=\"https:\/\/www.sc-loetters.de\/en\/unser-team\/\" \/>\n<meta property=\"og:site_name\" content=\"SC L\u00f6tters\" \/>\n<meta property=\"article:modified_time\" content=\"2025-04-01T09:01:40+00:00\" \/>\n<meta property=\"og:image\" content=\"https:\/\/www.sc-loetters.de\/wp-content\/uploads\/2022\/01\/Gute-Geschichten-schreiben-viele-scaled.jpg\" \/>\n\t<meta property=\"og:image:width\" content=\"2560\" \/>\n\t<meta property=\"og:image:height\" content=\"1060\" \/>\n\t<meta property=\"og:image:type\" content=\"image\/jpeg\" \/>\n<meta name=\"twitter:card\" content=\"summary_large_image\" \/>\n<meta name=\"twitter:label1\" content=\"Estimated reading time\" \/>\n\t<meta name=\"twitter:data1\" content=\"2 minutes\" \/>\n<script type=\"application\/ld+json\" class=\"yoast-schema-graph\">{\"@context\":\"https:\\\/\\\/schema.org\",\"@graph\":[{\"@type\":\"WebPage\",\"@id\":\"https:\\\/\\\/www.sc-loetters.de\\\/en\\\/unser-team\\\/\",\"url\":\"https:\\\/\\\/www.sc-loetters.de\\\/en\\\/unser-team\\\/\",\"name\":\"Unser Team - SC L\u00f6tters\",\"isPartOf\":{\"@id\":\"https:\\\/\\\/www.sc-loetters.de\\\/#website\"},\"primaryImageOfPage\":{\"@id\":\"https:\\\/\\\/www.sc-loetters.de\\\/en\\\/unser-team\\\/#primaryimage\"},\"image\":{\"@id\":\"https:\\\/\\\/www.sc-loetters.de\\\/en\\\/unser-team\\\/#primaryimage\"},\"thumbnailUrl\":\"https:\\\/\\\/www.sc-loetters.de\\\/wp-content\\\/uploads\\\/2022\\\/01\\\/Gute-Geschichten-schreiben-viele-scaled.jpg\",\"datePublished\":\"2024-10-02T11:31:41+00:00\",\"dateModified\":\"2025-04-01T09:01:40+00:00\",\"breadcrumb\":{\"@id\":\"https:\\\/\\\/www.sc-loetters.de\\\/en\\\/unser-team\\\/#breadcrumb\"},\"inLanguage\":\"en-GB\",\"potentialAction\":[{\"@type\":\"ReadAction\",\"target\":[\"https:\\\/\\\/www.sc-loetters.de\\\/en\\\/unser-team\\\/\"]}]},{\"@type\":\"ImageObject\",\"inLanguage\":\"en-GB\",\"@id\":\"https:\\\/\\\/www.sc-loetters.de\\\/en\\\/unser-team\\\/#primaryimage\",\"url\":\"https:\\\/\\\/www.sc-loetters.de\\\/wp-content\\\/uploads\\\/2022\\\/01\\\/Gute-Geschichten-schreiben-viele-scaled.jpg\",\"contentUrl\":\"https:\\\/\\\/www.sc-loetters.de\\\/wp-content\\\/uploads\\\/2022\\\/01\\\/Gute-Geschichten-schreiben-viele-scaled.jpg\",\"width\":2560,\"height\":1060,\"caption\":\"SONY DSC\"},{\"@type\":\"BreadcrumbList\",\"@id\":\"https:\\\/\\\/www.sc-loetters.de\\\/en\\\/unser-team\\\/#breadcrumb\",\"itemListElement\":[{\"@type\":\"ListItem\",\"position\":1,\"name\":\"Startseite\",\"item\":\"https:\\\/\\\/www.sc-loetters.de\\\/\"},{\"@type\":\"ListItem\",\"position\":2,\"name\":\"Unser Team\"}]},{\"@type\":\"WebSite\",\"@id\":\"https:\\\/\\\/www.sc-loetters.de\\\/#website\",\"url\":\"https:\\\/\\\/www.sc-loetters.de\\\/\",\"name\":\"SC L\u00f6tters\",\"description\":\"\",\"publisher\":{\"@id\":\"https:\\\/\\\/www.sc-loetters.de\\\/#organization\"},\"potentialAction\":[{\"@type\":\"SearchAction\",\"target\":{\"@type\":\"EntryPoint\",\"urlTemplate\":\"https:\\\/\\\/www.sc-loetters.de\\\/?s={search_term_string}\"},\"query-input\":{\"@type\":\"PropertyValueSpecification\",\"valueRequired\":true,\"valueName\":\"search_term_string\"}}],\"inLanguage\":\"en-GB\"},{\"@type\":\"Organization\",\"@id\":\"https:\\\/\\\/www.sc-loetters.de\\\/#organization\",\"name\":\"SC L\u00f6tters\",\"url\":\"https:\\\/\\\/www.sc-loetters.de\\\/\",\"logo\":{\"@type\":\"ImageObject\",\"inLanguage\":\"en-GB\",\"@id\":\"https:\\\/\\\/www.sc-loetters.de\\\/#\\\/schema\\\/logo\\\/image\\\/\",\"url\":\"https:\\\/\\\/www.sc-loetters.de\\\/wp-content\\\/uploads\\\/2022\\\/01\\\/SC.L-4cm-png.png\",\"contentUrl\":\"https:\\\/\\\/www.sc-loetters.de\\\/wp-content\\\/uploads\\\/2022\\\/01\\\/SC.L-4cm-png.png\",\"width\":261,\"height\":114,\"caption\":\"SC L\u00f6tters\"},\"image\":{\"@id\":\"https:\\\/\\\/www.sc-loetters.de\\\/#\\\/schema\\\/logo\\\/image\\\/\"}}]}<\/script>\n<!-- \/ Yoast SEO plugin. -->","yoast_head_json":{"title":"Unser Team - SC L\u00f6tters","robots":{"index":"index","follow":"follow","max-snippet":"max-snippet:-1","max-image-preview":"max-image-preview:large","max-video-preview":"max-video-preview:-1"},"canonical":"https:\/\/www.sc-loetters.de\/en\/unser-team\/","og_locale":"en_GB","og_type":"article","og_title":"Unser Team - SC L\u00f6tters","og_description":"Unser Team Dr. Christine L\u00f6tters Inhaberin Christine L\u00f6tters bringt ihre langj\u00e4hrige Erfahrung im Bereich Pressearbeit und Unternehmenskommunikation in die Leitung von SC L\u00f6tters ein. Als Inhaberin koordiniert sie s\u00e4mtliche Projekte [&hellip;]","og_url":"https:\/\/www.sc-loetters.de\/en\/unser-team\/","og_site_name":"SC L\u00f6tters","article_modified_time":"2025-04-01T09:01:40+00:00","og_image":[{"width":2560,"height":1060,"url":"https:\/\/www.sc-loetters.de\/wp-content\/uploads\/2022\/01\/Gute-Geschichten-schreiben-viele-scaled.jpg","type":"image\/jpeg"}],"twitter_card":"summary_large_image","twitter_misc":{"Estimated reading time":"2 minutes"},"schema":{"@context":"https:\/\/schema.org","@graph":[{"@type":"WebPage","@id":"https:\/\/www.sc-loetters.de\/en\/unser-team\/","url":"https:\/\/www.sc-loetters.de\/en\/unser-team\/","name":"Unser Team - SC L\u00f6tters","isPartOf":{"@id":"https:\/\/www.sc-loetters.de\/#website"},"primaryImageOfPage":{"@id":"https:\/\/www.sc-loetters.de\/en\/unser-team\/#primaryimage"},"image":{"@id":"https:\/\/www.sc-loetters.de\/en\/unser-team\/#primaryimage"},"thumbnailUrl":"https:\/\/www.sc-loetters.de\/wp-content\/uploads\/2022\/01\/Gute-Geschichten-schreiben-viele-scaled.jpg","datePublished":"2024-10-02T11:31:41+00:00","dateModified":"2025-04-01T09:01:40+00:00","breadcrumb":{"@id":"https:\/\/www.sc-loetters.de\/en\/unser-team\/#breadcrumb"},"inLanguage":"en-GB","potentialAction":[{"@type":"ReadAction","target":["https:\/\/www.sc-loetters.de\/en\/unser-team\/"]}]},{"@type":"ImageObject","inLanguage":"en-GB","@id":"https:\/\/www.sc-loetters.de\/en\/unser-team\/#primaryimage","url":"https:\/\/www.sc-loetters.de\/wp-content\/uploads\/2022\/01\/Gute-Geschichten-schreiben-viele-scaled.jpg","contentUrl":"https:\/\/www.sc-loetters.de\/wp-content\/uploads\/2022\/01\/Gute-Geschichten-schreiben-viele-scaled.jpg","width":2560,"height":1060,"caption":"SONY DSC"},{"@type":"BreadcrumbList","@id":"https:\/\/www.sc-loetters.de\/en\/unser-team\/#breadcrumb","itemListElement":[{"@type":"ListItem","position":1,"name":"Startseite","item":"https:\/\/www.sc-loetters.de\/"},{"@type":"ListItem","position":2,"name":"Unser Team"}]},{"@type":"WebSite","@id":"https:\/\/www.sc-loetters.de\/#website","url":"https:\/\/www.sc-loetters.de\/","name":"SC L\u00f6tters","description":"","publisher":{"@id":"https:\/\/www.sc-loetters.de\/#organization"},"potentialAction":[{"@type":"SearchAction","target":{"@type":"EntryPoint","urlTemplate":"https:\/\/www.sc-loetters.de\/?s={search_term_string}"},"query-input":{"@type":"PropertyValueSpecification","valueRequired":true,"valueName":"search_term_string"}}],"inLanguage":"en-GB"},{"@type":"Organization","@id":"https:\/\/www.sc-loetters.de\/#organization","name":"SC L\u00f6tters","url":"https:\/\/www.sc-loetters.de\/","logo":{"@type":"ImageObject","inLanguage":"en-GB","@id":"https:\/\/www.sc-loetters.de\/#\/schema\/logo\/image\/","url":"https:\/\/www.sc-loetters.de\/wp-content\/uploads\/2022\/01\/SC.L-4cm-png.png","contentUrl":"https:\/\/www.sc-loetters.de\/wp-content\/uploads\/2022\/01\/SC.L-4cm-png.png","width":261,"height":114,"caption":"SC L\u00f6tters"},"image":{"@id":"https:\/\/www.sc-loetters.de\/#\/schema\/logo\/image\/"}}]}},"_links":{"self":[{"href":"https:\/\/www.sc-loetters.de\/en\/wp-json\/wp\/v2\/pages\/2778","targetHints":{"allow":["GET"]}}],"collection":[{"href":"https:\/\/www.sc-loetters.de\/en\/wp-json\/wp\/v2\/pages"}],"about":[{"href":"https:\/\/www.sc-loetters.de\/en\/wp-json\/wp\/v2\/types\/page"}],"author":[{"embeddable":true,"href":"https:\/\/www.sc-loetters.de\/en\/wp-json\/wp\/v2\/users\/1"}],"replies":[{"embeddable":true,"href":"https:\/\/www.sc-loetters.de\/en\/wp-json\/wp\/v2\/comments?post=2778"}],"version-history":[{"count":23,"href":"https:\/\/www.sc-loetters.de\/en\/wp-json\/wp\/v2\/pages\/2778\/revisions"}],"predecessor-version":[{"id":2858,"href":"https:\/\/www.sc-loetters.de\/en\/wp-json\/wp\/v2\/pages\/2778\/revisions\/2858"}],"wp:featuredmedia":[{"embeddable":true,"href":"https:\/\/www.sc-loetters.de\/en\/wp-json\/wp\/v2\/media\/67"}],"wp:attachment":[{"href":"https:\/\/www.sc-loetters.de\/en\/wp-json\/wp\/v2\/media?parent=2778"}],"curies":[{"name":"wp","href":"https:\/\/api.w.org\/{rel}","templated":true}]}}